{"id":28,"date":"2022-11-14T17:30:29","date_gmt":"2022-11-14T09:30:29","guid":{"rendered":"http:\/\/hyt-scc.cn\/?page_id=28"},"modified":"2023-10-25T16:09:05","modified_gmt":"2023-10-25T08:09:05","slug":"about","status":"publish","type":"page","link":"https:\/\/hyt-scc.cn\/es\/about\/","title":{"rendered":"Sobre nosotros"},"content":{"rendered":"[vc_section full_width=\u00bbstretch_row_content\u00bb css=\u00bb.vc_custom_1668410442995{margin-left: 0px !important;}\u00bb][vc_row css=\u00bb.vc_custom_1668410453580{margin-right: 0px !important;margin-left: 0px !important;}\u00bb][vc_column][vc_single_image image=\u00bb208&#8243; el_class=\u00bbw_img100&#8243;][\/vc_column][\/vc_row][\/vc_section][vc_section full_width=\u00bbstretch_row\u00bb css=\u00bb.vc_custom_1668998751700{margin-right: 0px !important;margin-left: 0px !important;}\u00bb][vc_row content_placement=\u00bbmiddle\u00bb css=\u00bb.vc_custom_1668998733965{margin-right: 0px !important;margin-left: 0px !important;padding-top: 50px !important;padding-bottom: 50px !important;}\u00bb][vc_column]<div class=\"vcex-spacing wpex-w-100 wpex-clear hidden-phone\" style=\"height:50px;\"><\/div>[\/vc_column][vc_column el_class=\u00bbhome-about-img\u00bb offset=\u00bbvc_col-lg-6 vc_col-md-6&#8243;][vc_single_image image=\u00bb210&#8243; el_class=\u00bbw_img100&#8243;]<div class=\"vcex-spacing wpex-w-100 wpex-clear hidden-desktop\" style=\"height:40px;\"><\/div>[\/vc_column][vc_column el_class=\u00bbhome-about-textbox\u00bb offset=\u00bbvc_col-lg-6 vc_col-md-6&#8243;][vc_column_text color=\u00bb#333333&#8243; font_size=\u00bbd:34|tl:30|pl:28|pp:24&#8243; font_weight=\u00bbbold\u00bb]Perfil de la empresa[\/vc_column_text]<div class=\"vcex-spacing wpex-w-100 wpex-clear visible-desktop-large\" style=\"height:30px;\"><\/div>[vc_column_text color=\u00bb#333333&#8243; font_size=\u00bb16&#8243; css=\u00bb.vc_custom_1698220310136{padding-top: 30px !important;padding-bottom: 30px !important;}\u00bb el_class=\u00bbtext-indent-2em\u00bb]<strong>HYT Supply\u00a0<\/strong><b>Chain(WCA:137288)<\/b><span style=\"color: var(--wpex-text-2); font-family: var(--wpex-body-font-family, var(--wpex-font-sans));\">\u00a0Se estableci\u00f3 oficialmente en 2019,Es una agencia naviera de primera clase aprobada por el Ministerio de Comercio , empresa miembro de WCA y WIFFA,Pertenece a la nueva empresa estrella de gesti\u00f3n de la cadena de suministro log\u00edstica. <\/span><\/p>\n<p><span style=\"color: var(--wpex-text-2); font-family: var(--wpex-body-font-family, var(--wpex-font-sans));\">La compa\u00f1\u00eda ya cuenta con un equipo completo de log\u00edstica y equipo de ventas, con un sistema maduro de capacitaci\u00f3n de talentos de log\u00edstica y comercio exterior. <\/span><\/p>\n<p><span style=\"color: var(--wpex-text-2); font-family: var(--wpex-body-font-family, var(--wpex-font-sans));\">En la actualidad, la empresa se encuentra en un proceso de desarrollo constante y tambi\u00e9n necesita absorber m\u00e1s sangre fresca y esforzarse por convertirse en una empresa l\u00edder en gesti\u00f3n de la cadena de suministro nacional y en un excelente proveedor de servicios de log\u00edstica de terceros.<\/span>[\/vc_column_text][\/vc_column][vc_column]<div class=\"vcex-spacing wpex-w-100 wpex-clear hidden-phone\" style=\"height:50px;\"><\/div>[vc_column_text color=\u00bb#333333&#8243; font_size=\u00bb16&#8243; el_class=\u00bbtext-indent-2em\u00bb]Nuestra empresa ha mantenido una buena y estrecha relaci\u00f3n de cooperaci\u00f3n con empresas navieras como MAERSK, MSC, COSCO, CMA-CGM, EMC, HPL, YML, ZIM, HMM, WANHAI, HAMBURG-SUD, OOCL, PIL, ONE, etc. Nuestra empresa tambi\u00e9n ha mantenido una buena relaci\u00f3n de cooperaci\u00f3n con K4, TP, 6R, ET, AV, AM, CX y otras empresas aerol\u00edneas en transporte a\u00e9reo.Con tarifas de flete preferenciales, servicio oportuno y atento.<\/p>\n<p>Las rutas en varias regiones del pa\u00eds tienen grandes ventajas, que son propicias para ayudar a los clientes a una mejor y m\u00e1s r\u00e1pida expansi\u00f3n del mercado y desarrollo comercial. Nuestra empresa ofrece reserva de carga mar\u00edtima, declaraci\u00f3n de aduanas, seguros, transporte terrestre y otros servicios.<\/p>\n<p>La profesionalidad de nuestro equipo de ventas y la amplitud de la plataforma de ventas proporcionan una garant\u00eda de servicio segura y r\u00e1pida para sus productos.[\/vc_column_text]<div class=\"vcex-spacing wpex-w-100 wpex-clear hidden-phone\" style=\"height:50px;\"><\/div>[\/vc_column][\/vc_row][\/vc_section][vc_section full_width=\u00bbstretch_row\u00bb css=\u00bb.vc_custom_1668998757901{margin-right: 0px !important;margin-left: 0px !important;background-color: #f6faff !important;}\u00bb][vc_row content_placement=\u00bbmiddle\u00bb css=\u00bb.vc_custom_1668998637862{margin-right: 0px !important;margin-left: 0px !important;padding-top: 50px !important;padding-bottom: 50px !important;}\u00bb][vc_column]<div class=\"vcex-spacing wpex-w-100 wpex-clear hidden-phone\" style=\"height:50px;\"><\/div>[\/vc_column][vc_column el_class=\u00bbabout-service\u00bb]<div class=\"vcex-module vcex-icon-box vcex-icon-box-one wpex-relative wpex-flex wpex-text-left\"><div class=\"vcex-icon-box-symbol wpex-flex-shrink-0 wpex-mr-20\"><img decoding=\"async\" width=\"80\" height=\"80\" src=\"https:\/\/hyt-scc.cn\/wp-content\/uploads\/2022\/11\/ship.png\" class=\"vcex-icon-box-image wpex-align-middle\" alt=\"\" loading=\"lazy\" \/><\/div><div class=\"vcex-icon-box-text wpex-flex-grow\"><style>.vcex_6a04a34115bfb{font-size:26px!important;}@media (max-width:1024px){.vcex_6a04a34115bfb{font-size:24px!important;}}@media (max-width:959px){.vcex_6a04a34115bfb{font-size:22px!important;}}@media (max-width:767px){.vcex_6a04a34115bfb{font-size:20px!important;}}<\/style><div class=\"vcex-icon-box-heading wpex-heading wpex-text-md wpex-mb-10 vcex_6a04a34115bfb\" style=\"color:#333333;\">Excelente servicio en m\u00faltiples puntos de barcaza<\/div><div class=\"vcex-icon-box-content wpex-last-mb-0 wpex-clr\" style=\"color:#333333;font-size:16px;\"><p>En la actualidad, nuestra empresa ofrece servicios de buena calidad en Shenzhen, Xiamen, Shanghai, Ningbo, Tianjin, Qingdao y varios puntos de barcazas.<\/p>\n<\/div><\/div><\/div><div class=\"vcex-spacing wpex-w-100 wpex-clear visible-phone\" style=\"height:40px;\"><\/div><div class=\"vcex-module vcex-icon-box vcex-icon-box-one wpex-relative wpex-flex wpex-text-left\"><div class=\"vcex-icon-box-symbol wpex-flex-shrink-0 wpex-mr-20\"><img decoding=\"async\" width=\"80\" height=\"80\" src=\"https:\/\/hyt-scc.cn\/wp-content\/uploads\/2022\/11\/flag.png\" class=\"vcex-icon-box-image wpex-align-middle\" alt=\"\" loading=\"lazy\" \/><\/div><div class=\"vcex-icon-box-text wpex-flex-grow\"><style>.vcex_6a04a34116c33{font-size:26px!important;}@media (max-width:1024px){.vcex_6a04a34116c33{font-size:24px!important;}}@media (max-width:959px){.vcex_6a04a34116c33{font-size:22px!important;}}@media (max-width:767px){.vcex_6a04a34116c33{font-size:20px!important;}}<\/style><div class=\"vcex-icon-box-heading wpex-heading wpex-text-md wpex-mb-10 vcex_6a04a34116c33\" style=\"color:#333333;\">Sirviendo a m\u00faltiples pa\u00edses y regiones<\/div><div class=\"vcex-icon-box-content wpex-last-mb-0 wpex-clr\" style=\"color:#333333;font-size:16px;\"><p>Sirve principalmente a M\u00e9xico, Am\u00e9rica Central, Panam\u00e1, el Caribe, Am\u00e9rica del Sur Oeste, Am\u00e9rica del Sur Este etc. tiene muchos a\u00f1os de experiencia en el servicio.<\/p>\n<\/div><\/div><\/div>[\/vc_column][vc_column]<div class=\"vcex-spacing wpex-w-100 wpex-clear hidden-phone\" style=\"height:50px;\"><\/div>[\/vc_column][\/vc_row][\/vc_section][vc_row content_placement=\u00bbmiddle\u00bb rtl_reverse=\u00bbyes\u00bb css=\u00bb.vc_custom_1668998629226{margin-right: 0px !important;margin-left: 0px !important;padding-top: 50px !important;padding-bottom: 50px !important;}\u00bb el_class=\u00bbhome-qiyewenhua\u00bb][vc_column]<div class=\"vcex-spacing wpex-w-100 wpex-clear hidden-phone\" style=\"height:50px;\"><\/div>[\/vc_column][vc_column width=\u00bb1\/3&#8243; offset=\u00bbvc_col-lg-6 vc_col-md-6&#8243;][vc_single_image image=\u00bb471&#8243; alignment=\u00bbcenter\u00bb][\/vc_column][vc_column width=\u00bb2\/3&#8243; offset=\u00bbvc_col-lg-6 vc_col-md-6&#8243;]<div class=\"vcex-spacing wpex-w-100 wpex-clear visible-phone\" style=\"height:40px;\"><\/div>[vc_column_text color=\u00bb#333333&#8243; font_size=\u00bbd:34|tl:30|pl:28|pp:24&#8243; font_weight=\u00bbbold\u00bb]Cultura de la empresa[\/vc_column_text]<div class=\"vcex-spacing wpex-w-100 wpex-clear visible-desktop-large\" style=\"height:20px;\"><\/div>[vc_column_text color=\u00bb#333333&#8243; font_size=\u00bb16&#8243; css=\u00bb.vc_custom_1669885053377{padding-top: 20px !important;padding-bottom: 20px !important;}\u00bb el_class=\u00bbabout-qiye-text1 text-indent-2em\u00bb]HYT significa <strong>\u00abel sol sale y la luna dura, lucha por la perfecci\u00f3n y se extiende en todas las direcciones\u00bb<\/strong>.[\/vc_column_text]<div class=\"vcex-spacing wpex-w-100 wpex-clear visible-desktop-large\" style=\"height:20px;\"><\/div>[vc_column_text color=\u00bb#333333&#8243; font_size=\u00bb16&#8243; el_class=\u00bbtext-indent-2em\u00bb]Solo luchando por la perfecci\u00f3n podemos levantarnos como el sol y durar como la luna. Tratar a los clientes con sinceridad y estar orientado a las personas para ser accesible.<br \/>\n\u00abCooperaci\u00f3n de beneficio mutuo\u00bb es nuestro objetivo, \u00abseguir mejorando\u00bb es nuestra b\u00fasqueda, y \u00abbasada en la integridad\u00bb es nuestra filosof\u00eda.<\/p>\n<p>Hacemos todo lo posible para crear los mayores beneficios para cada cliente, empleado y socio.<br \/>\nSolo mejorando constantemente nuestros productos y soluciones log\u00edsticas podemos obtener comentarios continuos de los clientes.<br \/>\nLo que prometemos es lo que obtienen nuestros clientes Solo con integridad podemos establecer nuestra propia influencia en el mercado.[\/vc_column_text][\/vc_column][vc_column]<div class=\"vcex-spacing wpex-w-100 wpex-clear hidden-phone\" style=\"height:50px;\"><\/div>[\/vc_column][\/vc_row]\n","protected":false},"excerpt":{"rendered":"<p>[vc_section full_width=\u00bbstretch_row_content\u00bb css=\u00bb.vc_custom_1668410442995{margin-left: 0px !important;}\u00bb][vc_row css=\u00bb.vc_custom_1668410453580{margin-right: 0px !important;margin-left: 0px !important;}\u00bb][vc_column][vc_single_image image=\u00bb208&#8243; el_class=\u00bbw_img100&#8243;][\/vc_column][\/vc_row][\/vc_section][vc_section full_width=\u00bbstretch_row\u00bb css=\u00bb.vc_custom_1668998751700{margin-right: 0px !important;margin-left: 0px !important;}\u00bb][vc_row content_placement=\u00bbmiddle\u00bb css=\u00bb.vc_custom_1668998733965{margin-right: 0px !important;margin-left: 0px !important;padding-top: 50px !important;padding-bottom: 50px !important;}\u00bb][vc_column][\/vc_column][vc_column el_class=\u00bbhome-about-img\u00bb offset=\u00bbvc_col-lg-6 vc_col-md-6&#8243;][vc_single_image image=\u00bb210&#8243; el_class=\u00bbw_img100&#8243;][\/vc_column][vc_column el_class=\u00bbhome-about-textbox\u00bb offset=\u00bbvc_col-lg-6 vc_col-md-6&#8243;][vc_column_text color=\u00bb#333333&#8243; font_size=\u00bbd:34|tl:30|pl:28|pp:24&#8243; font_weight=\u00bbbold\u00bb]Perfil de la empresa[\/vc_column_text][vc_column_text color=\u00bb#333333&#8243; font_size=\u00bb16&#8243; css=\u00bb.vc_custom_1698220310136{padding-top: 30px !important;padding-bottom: 30px !important;}\u00bb el_class=\u00bbtext-indent-2em\u00bb]HYT Supply\u00a0Chain(WCA:137288)\u00a0Se estableci\u00f3 oficialmente en 2019,Es&hellip;<\/p>\n","protected":false},"author":1,"featured_media":0,"parent":0,"menu_order":0,"comment_status":"closed","ping_status":"closed","template":"","meta":{"footnotes":""},"class_list":["post-28","page","type-page","status-publish","hentry","entry","no-media"],"aioseo_notices":[],"_links":{"self":[{"href":"https:\/\/hyt-scc.cn\/es\/wp-json\/wp\/v2\/pages\/28","targetHints":{"allow":["GET"]}}],"collection":[{"href":"https:\/\/hyt-scc.cn\/es\/wp-json\/wp\/v2\/pages"}],"about":[{"href":"https:\/\/hyt-scc.cn\/es\/wp-json\/wp\/v2\/types\/page"}],"author":[{"embeddable":true,"href":"https:\/\/hyt-scc.cn\/es\/wp-json\/wp\/v2\/users\/1"}],"replies":[{"embeddable":true,"href":"https:\/\/hyt-scc.cn\/es\/wp-json\/wp\/v2\/comments?post=28"}],"version-history":[{"count":4,"href":"https:\/\/hyt-scc.cn\/es\/wp-json\/wp\/v2\/pages\/28\/revisions"}],"predecessor-version":[{"id":538,"href":"https:\/\/hyt-scc.cn\/es\/wp-json\/wp\/v2\/pages\/28\/revisions\/538"}],"wp:attachment":[{"href":"https:\/\/hyt-scc.cn\/es\/wp-json\/wp\/v2\/media?parent=28"}],"curies":[{"name":"wp","href":"https:\/\/api.w.org\/{rel}","templated":true}]}}